{"id":742,"date":"2013-08-07T21:54:59","date_gmt":"2013-08-07T21:54:59","guid":{"rendered":"http:\/\/www.theokampa.nl\/?page_id=742"},"modified":"2014-04-07T07:26:42","modified_gmt":"2014-04-07T07:26:42","slug":"scheepswerf-op-een-kaapverdisch-eiland","status":"publish","type":"page","link":"https:\/\/www.theokampa.nl\/?page_id=742","title":{"rendered":"Scheepswerf op een Kaapverdisch Eiland"},"content":{"rendered":"<p>Ambachtelijk bouwen<\/p>\n<p>Ineens, in de verte zie ik een scheepje in aanbouw. Het is aan het einde van de boulevard van Ponto do Sol op het eiland San Antao, \u00e9\u00e9n van de Kaap Verdische eilanden. Dichterbij gekomen zijn twee mannen bezig met een mal, geknipt uit verpakkingsmateriaal de juiste spantvorm te bepalen. Het scheepje waarvan de spanten zijn opgezet, wordt op straat gebouwd, omdat het werfje te klein is om het schip op te zetten. De boulevard die naast de werf doodloopt, is een uitgelezen plek het schip te bouwen. Stoer staan de spanten te pronken en de voortgang wordt dagelijks gadegeslagen door mannen zonder werk. De mooie werfnaam Oficina de Carpintaria Naval e Revestimento en Fibra de Vidro zou door de\u00a0 opstelling van de lintzaag en vlakbank onder een scheef afdakje, onze bolle inspecteur van de arbodienst ter plekke een hartvergroting bezorgen, waarom eigenlijk? De acht broers Gomes waarvan ik van alle acht \u2018de vijf\u2019 krijg zijn onbeschadigd en hebben het prima voor elkaar. Twee zie ik bezig aan de lintzaag met een nieuwe spant, \u00e9\u00e9n zie ik schaven, \u00e9\u00e9n zie ik disselen, twee werken aan een reparatie, \u00e9\u00e9n is aan het zagen. Jos\u00e9 staat mij te woord. Met handen en voeten in het Frans, waar we allebei niet echt goed in zijn, vertelt hij over hun dagelijkse werk, het bouwen en repareren van open vissersbootjes dat gebeurt onder een ruime, wat wij een \u2018carport\u2019 noemen. Weg van de brandende zon.<\/p>\n<p style=\"text-align: justify;\">Op het kleine terrein liggen grote en kleine boomstammen van allerlei soorten hout, het lijken\u00a0 restanten maar is het kapitaal van de werf. Jos\u00e9 wijst op de verschillende houtsoorten waarmee ze werken: mogno ( mahonie) uit Afrika,\u00a0 amendoa (amandel), pinho (dennen) en wat inlands hout. Hij wijst met zijn wijsvinger naar zijn hoofd wanneer ik vraag de tekeningen te mogen zien van het schip dat op de boulevard wordt gebouwd. Hij bedoelt niet dat ik of hij gek is maar, dat de kennis van het bouwen in zijn hoofd is opgeslagen. Trots vertelt Jos\u00e9 dat\u00a0 de werf zes grote vissersboten boven de acht meter tot twaalf meter heeft gebouwd. Het scheepje buiten in de spanten wordt 11 meter lang bij een breedte van 3,30 meter en afgebouwd met watervast hechthout dat wordt vastgezet met lijm en gegalvaniseerde schroeven. Daarna bekleed met drie lagen glasvezel, geschuurd en afgewerkt met een topcoat. Er komt een klein stuurhuisje op met navigatie-instrumenten en 2 hutjes met 4 kooien die het mogelijk moeten maken verder op de Atlantische oceaan te gaan vissen. Crisis? Wanneer er geen of te weinig werk is, gaat de wet in werking: geen werk, geen eten. Dan gaan we vissen om de maag te vullen. Buiten komt een reusachtige Creool naast me staan en samen kijken we naar de opgestelde spanten. Hij zegt in onvervalst Rotterdamse \u2018wie niet in wonderen gelooft, is geen realist\u2019<\/p>\n\n\t\t<style type=\"text\/css\">\n\t\t\t#gallery-1 {\n\t\t\t\tmargin: auto;\n\t\t\t}\n\t\t\t#gallery-1 .gallery-item {\n\t\t\t\tfloat: left;\n\t\t\t\tmargin-top: 10px;\n\t\t\t\ttext-align: center;\n\t\t\t\twidth: 33%;\n\t\t\t}\n\t\t\t#gallery-1 img {\n\t\t\t\tborder: 2px solid #cfcfcf;\n\t\t\t}\n\t\t\t#gallery-1 .gallery-caption {\n\t\t\t\tmargin-left: 0;\n\t\t\t}\n\t\t\t\/* see gallery_shortcode() in wp-includes\/media.php *\/\n\t\t<\/style>\n\t\t<div id='gallery-1' class='gallery galleryid-742 gallery-columns-3 gallery-size-thumbnail'><dl class='gallery-item'>\n\t\t\t<dt class='gallery-icon landscape'>\n\t\t\t\t<a href='https:\/\/www.theokampa.nl\/wp-content\/uploads\/2013\/08\/DSC_1129-kopie.jpg'><img width=\"150\" height=\"150\" src=\"https:\/\/www.theokampa.nl\/wp-content\/uploads\/2013\/08\/DSC_1129-kopie-150x150.jpg\" class=\"attachment-thumbnail size-thumbnail\" alt=\"\" decoding=\"async\" loading=\"lazy\" aria-describedby=\"gallery-1-731\" \/><\/a>\n\t\t\t<\/dt>\n\t\t\t\t<dd class='wp-caption-text gallery-caption' id='gallery-1-731'>\n\t\t\t\tVooraanzicht op de boulevard\n\t\t\t\t<\/dd><\/dl><dl class='gallery-item'>\n\t\t\t<dt class='gallery-icon landscape'>\n\t\t\t\t<a href='https:\/\/www.theokampa.nl\/wp-content\/uploads\/2013\/08\/DSC_1124-kopie-2.jpg'><img width=\"150\" height=\"150\" src=\"https:\/\/www.theokampa.nl\/wp-content\/uploads\/2013\/08\/DSC_1124-kopie-2-150x150.jpg\" class=\"attachment-thumbnail size-thumbnail\" alt=\"\" decoding=\"async\" loading=\"lazy\" aria-describedby=\"gallery-1-729\" \/><\/a>\n\t\t\t<\/dt>\n\t\t\t\t<dd class='wp-caption-text gallery-caption' id='gallery-1-729'>\n\t\t\t\tAchteraanzicht\n\t\t\t\t<\/dd><\/dl><dl class='gallery-item'>\n\t\t\t<dt class='gallery-icon landscape'>\n\t\t\t\t<a href='https:\/\/www.theokampa.nl\/wp-content\/uploads\/2013\/08\/DSC_1120-kopie-2.jpg'><img width=\"150\" height=\"150\" src=\"https:\/\/www.theokampa.nl\/wp-content\/uploads\/2013\/08\/DSC_1120-kopie-2-150x150.jpg\" class=\"attachment-thumbnail size-thumbnail\" alt=\"\" decoding=\"async\" loading=\"lazy\" aria-describedby=\"gallery-1-726\" \/><\/a>\n\t\t\t<\/dt>\n\t\t\t\t<dd class='wp-caption-text gallery-caption' id='gallery-1-726'>\n\t\t\t\tReparatie\n\t\t\t\t<\/dd><\/dl><br style=\"clear: both\" \/><dl class='gallery-item'>\n\t\t\t<dt class='gallery-icon landscape'>\n\t\t\t\t<a href='https:\/\/www.theokampa.nl\/wp-content\/uploads\/2013\/08\/DSC_1128-kopie.jpg'><img width=\"150\" height=\"150\" src=\"https:\/\/www.theokampa.nl\/wp-content\/uploads\/2013\/08\/DSC_1128-kopie-150x150.jpg\" class=\"attachment-thumbnail size-thumbnail\" alt=\"\" decoding=\"async\" loading=\"lazy\" aria-describedby=\"gallery-1-730\" \/><\/a>\n\t\t\t<\/dt>\n\t\t\t\t<dd class='wp-caption-text gallery-caption' id='gallery-1-730'>\n\t\t\t\tEen kijkje in de spanten\n\t\t\t\t<\/dd><\/dl><dl class='gallery-item'>\n\t\t\t<dt class='gallery-icon landscape'>\n\t\t\t\t<a href='https:\/\/www.theokampa.nl\/wp-content\/uploads\/2013\/08\/DSC_1134-bewerkt.jpg'><img width=\"150\" height=\"150\" src=\"https:\/\/www.theokampa.nl\/wp-content\/uploads\/2013\/08\/DSC_1134-bewerkt-150x150.jpg\" class=\"attachment-thumbnail size-thumbnail\" alt=\"\" decoding=\"async\" loading=\"lazy\" aria-describedby=\"gallery-1-732\" \/><\/a>\n\t\t\t<\/dt>\n\t\t\t\t<dd class='wp-caption-text gallery-caption' id='gallery-1-732'>\n\t\t\t\tOverzicht van de bouwplaats\n\t\t\t\t<\/dd><\/dl><dl class='gallery-item'>\n\t\t\t<dt class='gallery-icon landscape'>\n\t\t\t\t<a href='https:\/\/www.theokampa.nl\/wp-content\/uploads\/2013\/08\/vissers-ponta-dol-sol-kopie.jpg'><img width=\"150\" height=\"150\" src=\"https:\/\/www.theokampa.nl\/wp-content\/uploads\/2013\/08\/vissers-ponta-dol-sol-kopie-150x150.jpg\" class=\"attachment-thumbnail size-thumbnail\" alt=\"\" decoding=\"async\" loading=\"lazy\" aria-describedby=\"gallery-1-736\" \/><\/a>\n\t\t\t<\/dt>\n\t\t\t\t<dd class='wp-caption-text gallery-caption' id='gallery-1-736'>\n\t\t\t\tDe gebouwde schepen\n\t\t\t\t<\/dd><\/dl><br style=\"clear: both\" \/><dl class='gallery-item'>\n\t\t\t<dt class='gallery-icon landscape'>\n\t\t\t\t<a href='https:\/\/www.theokampa.nl\/wp-content\/uploads\/2013\/08\/IMGP2314-bewerkt-kopie.jpg'><img width=\"150\" height=\"150\" src=\"https:\/\/www.theokampa.nl\/wp-content\/uploads\/2013\/08\/IMGP2314-bewerkt-kopie-150x150.jpg\" class=\"attachment-thumbnail size-thumbnail\" alt=\"\" decoding=\"async\" loading=\"lazy\" aria-describedby=\"gallery-1-733\" \/><\/a>\n\t\t\t<\/dt>\n\t\t\t\t<dd class='wp-caption-text gallery-caption' id='gallery-1-733'>\n\t\t\t\tMet een klein bootje op de grote zee\n\t\t\t\t<\/dd><\/dl>\n\t\t\t<br style='clear: both' \/>\n\t\t<\/div>\n\n","protected":false},"excerpt":{"rendered":"<p>Ambachtelijk bouwen Ineens, in de verte zie ik een scheepje in aanbouw. Het is aan het einde van de boulevard van Ponto do Sol op het eiland San Antao, \u00e9\u00e9n van de Kaap Verdische eilanden. Dichterbij gekomen zijn twee mannen &hellip; <a href=\"https:\/\/www.theokampa.nl\/?page_id=742\">Lees verder <span class=\"meta-nav\">&rarr;<\/span><\/a><\/p>\n","protected":false},"author":1,"featured_media":0,"parent":0,"menu_order":0,"comment_status":"closed","ping_status":"closed","template":"","meta":[],"_links":{"self":[{"href":"https:\/\/www.theokampa.nl\/index.php?rest_route=\/wp\/v2\/pages\/742"}],"collection":[{"href":"https:\/\/www.theokampa.nl\/index.php?rest_route=\/wp\/v2\/pages"}],"about":[{"href":"https:\/\/www.theokampa.nl\/index.php?rest_route=\/wp\/v2\/types\/page"}],"author":[{"embeddable":true,"href":"https:\/\/www.theokampa.nl\/index.php?rest_route=\/wp\/v2\/users\/1"}],"replies":[{"embeddable":true,"href":"https:\/\/www.theokampa.nl\/index.php?rest_route=%2Fwp%2Fv2%2Fcomments&post=742"}],"version-history":[{"count":1,"href":"https:\/\/www.theokampa.nl\/index.php?rest_route=\/wp\/v2\/pages\/742\/revisions"}],"predecessor-version":[{"id":1186,"href":"https:\/\/www.theokampa.nl\/index.php?rest_route=\/wp\/v2\/pages\/742\/revisions\/1186"}],"wp:attachment":[{"href":"https:\/\/www.theokampa.nl\/index.php?rest_route=%2Fwp%2Fv2%2Fmedia&parent=742"}],"curies":[{"name":"wp","href":"https:\/\/api.w.org\/{rel}","templated":true}]}}