{"id":542,"date":"2013-07-25T19:54:28","date_gmt":"2013-07-25T19:54:28","guid":{"rendered":"http:\/\/www.theokampa.nl\/?page_id=542"},"modified":"2014-01-15T22:49:27","modified_gmt":"2014-01-15T22:49:27","slug":"monsanto-portugal","status":"publish","type":"page","link":"https:\/\/www.theokampa.nl\/?page_id=542","title":{"rendered":"Monsanto Portugal"},"content":{"rendered":"<p><strong>Monsanto het oude dorpje in Portugal<\/strong><\/p>\n<p>Het is laat in september wanneer we omhoog rijden naar het oude vestingstadje Monsanto in centraal Portugal. Een historisch dorp gebouwd op graniet. Eeuwenlang met hetzelfde uiterlijk smalle straatjes met huizen ingeklemd tussen gigantische rotsen. Boven de plaatselijke middenstander vinden we een kamer. In het plaatselijke caf\u00e9 waar ik in mijn koeterwaalse Portugees twee koffie probeer te bestellen, zegt de mevrouw achter de bar met een prachtige zachte <i>g<\/i>, \u2018Ge bedoelt \u00e9\u00e9n koffie met melk en \u00e9\u00e9n zwart zonder suiker.\u2019<\/p>\n<p>Zwervend door de steile straatjes tussen de granieten rotsen die dienen als muren van de huizen en waar soms het dak wordt gevormd door \u00e9\u00e9n enkel steenblok. \u2018Lekker goedkoop \u00e9\u00e9n zo\u2019n dakpan\u2019, merkt mijn reisgenote op<br \/>\nLaverend tussen grote stenen klauteren we omhoog.\u00a0 Net buiten het dorp treffen we een klein meisje en jongetje aan. Wanneer ze ons zien staan ze doodstil als twee reekalfjes, te klein om bang te zijn, glimlachen, langzaam en vriendelijk. Eenmaal boven lopen we op de restanten van een kasteel dat vele veldslagen moet hebben doorstaan. Het uitzicht biedt een prachtig uitzicht dat zich uitstrekt tot aan de Serra da Estrela, ook een aanrader om doorheen te rijden.<br \/>\nIn het plaatselijke kerkje bevindt zich een kastje om geld in te doen. Ik geef niks. Ik wil best\u00a0 naar de hemel, maar niet naar die van hen. In 2011 stond het inwonersbestand op 828. De ene stad groeit de andere niet.<\/p>\n\n\t\t<style type=\"text\/css\">\n\t\t\t#gallery-1 {\n\t\t\t\tmargin: auto;\n\t\t\t}\n\t\t\t#gallery-1 .gallery-item {\n\t\t\t\tfloat: left;\n\t\t\t\tmargin-top: 10px;\n\t\t\t\ttext-align: center;\n\t\t\t\twidth: 33%;\n\t\t\t}\n\t\t\t#gallery-1 img {\n\t\t\t\tborder: 2px solid #cfcfcf;\n\t\t\t}\n\t\t\t#gallery-1 .gallery-caption {\n\t\t\t\tmargin-left: 0;\n\t\t\t}\n\t\t\t\/* see gallery_shortcode() in wp-includes\/media.php *\/\n\t\t<\/style>\n\t\t<div id='gallery-1' class='gallery galleryid-542 gallery-columns-3 gallery-size-thumbnail'><dl class='gallery-item'>\n\t\t\t<dt class='gallery-icon landscape'>\n\t\t\t\t<a href='https:\/\/www.theokampa.nl\/?attachment_id=543'><img width=\"150\" height=\"150\" src=\"https:\/\/www.theokampa.nl\/wp-content\/uploads\/2013\/07\/DSC02771-kopie-150x150.jpg\" class=\"attachment-thumbnail size-thumbnail\" alt=\"\" decoding=\"async\" loading=\"lazy\" \/><\/a>\n\t\t\t<\/dt><\/dl><dl class='gallery-item'>\n\t\t\t<dt class='gallery-icon landscape'>\n\t\t\t\t<a href='https:\/\/www.theokampa.nl\/?attachment_id=544'><img width=\"150\" height=\"150\" src=\"https:\/\/www.theokampa.nl\/wp-content\/uploads\/2013\/07\/Montasato-6-kopie-2-150x150.jpg\" class=\"attachment-thumbnail size-thumbnail\" alt=\"\" decoding=\"async\" loading=\"lazy\" \/><\/a>\n\t\t\t<\/dt><\/dl><dl class='gallery-item'>\n\t\t\t<dt class='gallery-icon portrait'>\n\t\t\t\t<a href='https:\/\/www.theokampa.nl\/?attachment_id=546'><img width=\"150\" height=\"150\" src=\"https:\/\/www.theokampa.nl\/wp-content\/uploads\/2013\/07\/Montasato-2-kopie-150x150.jpg\" class=\"attachment-thumbnail size-thumbnail\" alt=\"\" decoding=\"async\" loading=\"lazy\" \/><\/a>\n\t\t\t<\/dt><\/dl><br style=\"clear: both\" \/><dl class='gallery-item'>\n\t\t\t<dt class='gallery-icon landscape'>\n\t\t\t\t<a href='https:\/\/www.theokampa.nl\/?attachment_id=547'><img width=\"150\" height=\"150\" src=\"https:\/\/www.theokampa.nl\/wp-content\/uploads\/2013\/07\/Montasato-4-kopie-150x150.jpg\" class=\"attachment-thumbnail size-thumbnail\" alt=\"\" decoding=\"async\" loading=\"lazy\" \/><\/a>\n\t\t\t<\/dt><\/dl><dl class='gallery-item'>\n\t\t\t<dt class='gallery-icon landscape'>\n\t\t\t\t<a href='https:\/\/www.theokampa.nl\/?attachment_id=548'><img width=\"150\" height=\"150\" src=\"https:\/\/www.theokampa.nl\/wp-content\/uploads\/2013\/07\/Montasato-9-kopie-150x150.jpg\" class=\"attachment-thumbnail size-thumbnail\" alt=\"\" decoding=\"async\" loading=\"lazy\" \/><\/a>\n\t\t\t<\/dt><\/dl><dl class='gallery-item'>\n\t\t\t<dt class='gallery-icon landscape'>\n\t\t\t\t<a href='https:\/\/www.theokampa.nl\/?attachment_id=549'><img width=\"150\" height=\"150\" src=\"https:\/\/www.theokampa.nl\/wp-content\/uploads\/2013\/07\/Montasato-11-kopie-150x150.jpg\" class=\"attachment-thumbnail size-thumbnail\" alt=\"\" decoding=\"async\" loading=\"lazy\" \/><\/a>\n\t\t\t<\/dt><\/dl><br style=\"clear: both\" \/><dl class='gallery-item'>\n\t\t\t<dt class='gallery-icon landscape'>\n\t\t\t\t<a href='https:\/\/www.theokampa.nl\/?attachment_id=550'><img width=\"150\" height=\"150\" src=\"https:\/\/www.theokampa.nl\/wp-content\/uploads\/2013\/07\/Montasato-13-kopie-150x150.jpg\" class=\"attachment-thumbnail size-thumbnail\" alt=\"\" decoding=\"async\" loading=\"lazy\" \/><\/a>\n\t\t\t<\/dt><\/dl><dl class='gallery-item'>\n\t\t\t<dt class='gallery-icon landscape'>\n\t\t\t\t<a href='https:\/\/www.theokampa.nl\/?attachment_id=551'><img width=\"150\" height=\"150\" src=\"https:\/\/www.theokampa.nl\/wp-content\/uploads\/2013\/07\/Montasato-14-kopie-150x150.jpg\" class=\"attachment-thumbnail size-thumbnail\" alt=\"\" decoding=\"async\" loading=\"lazy\" \/><\/a>\n\t\t\t<\/dt><\/dl><dl class='gallery-item'>\n\t\t\t<dt class='gallery-icon landscape'>\n\t\t\t\t<a href='https:\/\/www.theokampa.nl\/?attachment_id=552'><img width=\"150\" height=\"150\" src=\"https:\/\/www.theokampa.nl\/wp-content\/uploads\/2013\/07\/Montasato-15-kopie-150x150.jpg\" class=\"attachment-thumbnail size-thumbnail\" alt=\"\" decoding=\"async\" loading=\"lazy\" \/><\/a>\n\t\t\t<\/dt><\/dl><br style=\"clear: both\" \/><dl class='gallery-item'>\n\t\t\t<dt class='gallery-icon landscape'>\n\t\t\t\t<a href='https:\/\/www.theokampa.nl\/?attachment_id=545'><img width=\"150\" height=\"150\" src=\"https:\/\/www.theokampa.nl\/wp-content\/uploads\/2013\/07\/Montasato-1-kopie-150x150.jpg\" class=\"attachment-thumbnail size-thumbnail\" alt=\"\" decoding=\"async\" loading=\"lazy\" \/><\/a>\n\t\t\t<\/dt><\/dl>\n\t\t\t<br style='clear: both' \/>\n\t\t<\/div>\n\n<p>&nbsp;<\/p>\n<p>&nbsp;<\/p>\n","protected":false},"excerpt":{"rendered":"<p>Monsanto het oude dorpje in Portugal Het is laat in september wanneer we omhoog rijden naar het oude vestingstadje Monsanto in centraal Portugal. Een historisch dorp gebouwd op graniet. Eeuwenlang met hetzelfde uiterlijk smalle straatjes met huizen ingeklemd tussen gigantische &hellip; <a href=\"https:\/\/www.theokampa.nl\/?page_id=542\">Lees verder <span class=\"meta-nav\">&rarr;<\/span><\/a><\/p>\n","protected":false},"author":1,"featured_media":0,"parent":0,"menu_order":0,"comment_status":"closed","ping_status":"closed","template":"","meta":[],"_links":{"self":[{"href":"https:\/\/www.theokampa.nl\/index.php?rest_route=\/wp\/v2\/pages\/542"}],"collection":[{"href":"https:\/\/www.theokampa.nl\/index.php?rest_route=\/wp\/v2\/pages"}],"about":[{"href":"https:\/\/www.theokampa.nl\/index.php?rest_route=\/wp\/v2\/types\/page"}],"author":[{"embeddable":true,"href":"https:\/\/www.theokampa.nl\/index.php?rest_route=\/wp\/v2\/users\/1"}],"replies":[{"embeddable":true,"href":"https:\/\/www.theokampa.nl\/index.php?rest_route=%2Fwp%2Fv2%2Fcomments&post=542"}],"version-history":[{"count":0,"href":"https:\/\/www.theokampa.nl\/index.php?rest_route=\/wp\/v2\/pages\/542\/revisions"}],"wp:attachment":[{"href":"https:\/\/www.theokampa.nl\/index.php?rest_route=%2Fwp%2Fv2%2Fmedia&parent=542"}],"curies":[{"name":"wp","href":"https:\/\/api.w.org\/{rel}","templated":true}]}}